{"id":242,"date":"2026-04-02T15:56:58","date_gmt":"2026-04-02T18:56:58","guid":{"rendered":"https:\/\/acappr.com.br\/?page_id=242"},"modified":"2026-04-02T15:56:58","modified_gmt":"2026-04-02T18:56:58","slug":"cooperativas-da-agricultura-familiar-recebem-acompanhamento-tecnico-e-gerencial","status":"publish","type":"page","link":"https:\/\/acappr.com.br\/?page_id=242","title":{"rendered":"Cooperativas da agricultura familiar recebem acompanhamento t\u00e9cnico e gerencial"},"content":{"rendered":"\n<div class=\"wp-block-uagb-container uagb-block-0cca94b5 alignfull uagb-is-root-container\"><div class=\"uagb-container-inner-blocks-wrap\">\n<p class=\"has-border-color has-ast-global-color-4-border-color\" style=\"border-width:5px\">       Pelo menos 450 pessoas, trabalhadores de tr\u00eas organiza\u00e7\u00f5es cooperativas da agricultura familiar do Paran\u00e1, foram alcan\u00e7adas pelas diversas a\u00e7\u00f5es de apoio aos agricultores, desenvolvidas at\u00e9 o m\u00eas de novembro de 2023, atrav\u00e9s de a\u00e7\u00f5es como Monitoramento Manejo Integrado de Pragas. A iniciativa faz parte do projeto A\u00e7\u00f5es de Fortalecimento do Cooperativismo nas \u00e1reas da Reforma Agr\u00e1ria do Paran\u00e1, desenvolvida em parceria com o governo Federal, atrav\u00e9s do Minist\u00e9rio da Agricultura, Pecu\u00e1ria e Abastecimento (Mapa).<br>       As a\u00e7\u00f5es inclu\u00edram a realiza\u00e7\u00e3o de visitas t\u00e9cnicas e atividades de campo com orienta\u00e7\u00f5es t\u00e9cnicas <em>in loco<\/em> nos im\u00f3veis rurais dos benefici\u00e1rios e, tamb\u00e9m, de forma coletiva nos demais espa\u00e7os cooperativos, contribuindo na an\u00e1lise, estudo e na elabora\u00e7\u00e3o de um plano produtivo e na amplia\u00e7\u00e3o da escala de produ\u00e7\u00e3o dos agricultores. Foram tr\u00eas dias de visitas \u00e0s propriedades dos trabalhadores e dois dias de atendimento no espa\u00e7o da cooperativa, totalizando 48 visitas t\u00e9cnicas mensais.\u00a0<\/p>\n\n\n\n<p><strong>Outras atividades<\/strong><br>      Al\u00e9m das visitas individuais, foram desenvolvidas diversas atividades como palestras, reuni\u00f5es t\u00e9cnicas, cursos e oficinas, visando o fortalecimento da cadeia produtiva de frutas, hortali\u00e7as e gr\u00e3os org\u00e2nicos, com atividades de assist\u00eancia t\u00e9cnica aos agricultores assentados, com apoio ao planejamento da produ\u00e7\u00e3o\/comercializa\u00e7\u00e3o, e o assessoramento permanente a atividades em duas estruturas da Cooperativa Terra Livre: o viveiro Terra Livre e a f\u00e1brica de bioinsumos Terra Livre.\u00a0<\/p>\n\n\n\n<p>       As visitas individuais tiveram maior foco na produ\u00e7\u00e3o de gr\u00e3os org\u00e2nicos, frutas e hortali\u00e7as. Al\u00e9m disso, aconteceram diversas reuni\u00f5es com orienta\u00e7\u00f5es voltadas para a constru\u00e7\u00e3o da fertilidade, controle de insetos e doen\u00e7as, uso racional de defensivos (previstos na legisla\u00e7\u00e3o de org\u00e2nicos), suporte ao processo de certifica\u00e7\u00e3o, elabora\u00e7\u00e3o de mapas de pulveriza\u00e7\u00e3o (biol\u00f3gicos e outros insumos com uso previsto em agricultura org\u00e2nica).<\/p>\n\n\n\n<p>       Debates e conversas fundamentaram ainda o planejamento da produ\u00e7\u00e3o e controle de plantas espont\u00e2neas em gr\u00e3os org\u00e2nicos. Neste \u00faltimo tema, inclusive, com a instala\u00e7\u00e3o de uma unidade experimental para avalia\u00e7\u00e3o do controle de plantas espont\u00e2neas por meio de cons\u00f3rcios de cultivos.<\/p>\n\n\n\n<p>       Entre as atividades desenvolvidas, est\u00e1 o monitoramento semanal de insetos em cultivo de feijoeiro org\u00e2nico, que \u00e9 processo fundamental para o MIP &#8211; Manejo Integrado de Pragas. Outro exemplo das atividades realizadas previu o monitoramento para implementa\u00e7\u00e3o do MID &#8211; Manejo integrado de doen\u00e7as em feijoeiro org\u00e2nico, na Unidade de produ\u00e7\u00e3o do agricultor Adriano Lima.<\/p>\n\n\n\n<p><strong>Lavouras de milho<\/strong><\/p>\n\n\n\n<p>       As lavouras de milho org\u00e2nico da agricultora Meyre Chagas e do agricultor Ant\u00f4nio Capitani, ambos do assentamento Contestado, na Lapa (PR), tamb\u00e9m foram contempladas com as visitas de monitoramento e orienta\u00e7\u00f5es de combate a pragas e doen\u00e7as.<\/p>\n\n\n\n<p><strong>Soja e batatas org\u00e2nicas<\/strong><\/p>\n\n\n\n<p>       Planta\u00e7\u00f5es de soja e de batata org\u00e2nica tamb\u00e9m receberam visitas t\u00e9cnicas para identifica\u00e7\u00e3o de problemas e proposi\u00e7\u00e3o de melhoramentos das produ\u00e7\u00f5es com base em aumentar a produtividade e, por consequ\u00eancia, a qualidade dos produtos e a rentabilidade dos agricultores e agricultoras.<\/p>\n\n\n\n<p><strong>Minicursos<\/strong><\/p>\n\n\n\n<p class=\"has-border-color has-ast-global-color-4-border-color\" style=\"border-width:5px\">       Um minicurso de cultivo de morangos org\u00e2nicos tamb\u00e9m foi realizado no Assentamento Contestado, na Lapa, e envolveu um total de 35 agricultores. Outro dos minicursos ministrados foi o de produ\u00e7\u00e3o de tomate org\u00e2nico, direcionado a agricultores dos munic\u00edpio da Lapa, S\u00e3o Mateus do Sul e Campo Largo.<\/p>\n<\/div><\/div>\n\n\n\n<p><\/p>\n","protected":false},"excerpt":{"rendered":"<p>Pelo menos 450 pessoas, trabalhadores de tr\u00eas organiza\u00e7\u00f5es cooperativas da agricultura familiar do Paran\u00e1, foram alcan\u00e7adas pelas diversas a\u00e7\u00f5es de [&hellip;]<\/p>\n","protected":false},"author":1,"featured_media":0,"parent":0,"menu_order":0,"comment_status":"closed","ping_status":"closed","template":"","meta":{"_uag_custom_page_level_css":"","site-sidebar-layout":"default","site-content-layout":"","ast-site-content-layout":"default","site-content-style":"default","site-sidebar-style":"default","ast-global-header-display":"","ast-banner-title-visibility":"","ast-main-header-display":"","ast-hfb-above-header-display":"","ast-hfb-below-header-display":"","ast-hfb-mobile-header-display":"","site-post-title":"","ast-breadcrumbs-content":"","ast-featured-img":"","footer-sml-layout":"","ast-disable-related-posts":"","theme-transparent-header-meta":"","adv-header-id-meta":"","stick-header-meta":"","header-above-stick-meta":"","header-main-stick-meta":"","header-below-stick-meta":"","astra-migrate-meta-layouts":"default","ast-page-background-enabled":"default","ast-page-background-meta":{"desktop":{"background-color":"var(--ast-global-color-5)","background-image":"","background-repeat":"repeat","background-position":"center center","background-size":"auto","background-attachment":"scroll","background-type":"","background-media":"","overlay-type":"","overlay-color":"","overlay-opacity":"","overlay-gradient":""},"tablet":{"background-color":"","background-image":"","background-repeat":"repeat","background-position":"center center","background-size":"auto","background-attachment":"scroll","background-type":"","background-media":"","overlay-type":"","overlay-color":"","overlay-opacity":"","overlay-gradient":""},"mobile":{"background-color":"","background-image":"","background-repeat":"repeat","background-position":"center center","background-size":"auto","background-attachment":"scroll","background-type":"","background-media":"","overlay-type":"","overlay-color":"","overlay-opacity":"","overlay-gradient":""}},"ast-content-background-meta":{"desktop":{"background-color":"var(--ast-global-color-4)","background-image":"","background-repeat":"repeat","background-position":"center center","background-size":"auto","background-attachment":"scroll","background-type":"","background-media":"","overlay-type":"","overlay-color":"","overlay-opacity":"","overlay-gradient":""},"tablet":{"background-color":"var(--ast-global-color-4)","background-image":"","background-repeat":"repeat","background-position":"center center","background-size":"auto","background-attachment":"scroll","background-type":"","background-media":"","overlay-type":"","overlay-color":"","overlay-opacity":"","overlay-gradient":""},"mobile":{"background-color":"var(--ast-global-color-4)","background-image":"","background-repeat":"repeat","background-position":"center center","background-size":"auto","background-attachment":"scroll","background-type":"","background-media":"","overlay-type":"","overlay-color":"","overlay-opacity":"","overlay-gradient":""}},"footnotes":""},"class_list":["post-242","page","type-page","status-publish","hentry"],"uagb_featured_image_src":{"full":false,"thumbnail":false,"medium":false,"medium_large":false,"large":false,"1536x1536":false,"2048x2048":false},"uagb_author_info":{"display_name":"ACAP","author_link":"https:\/\/acappr.com.br\/?author=1"},"uagb_comment_info":0,"uagb_excerpt":"Pelo menos 450 pessoas, trabalhadores de tr\u00eas organiza\u00e7\u00f5es cooperativas da agricultura familiar do Paran\u00e1, foram alcan\u00e7adas pelas diversas a\u00e7\u00f5es de [&hellip;]","_links":{"self":[{"href":"https:\/\/acappr.com.br\/index.php?rest_route=\/wp\/v2\/pages\/242","targetHints":{"allow":["GET"]}}],"collection":[{"href":"https:\/\/acappr.com.br\/index.php?rest_route=\/wp\/v2\/pages"}],"about":[{"href":"https:\/\/acappr.com.br\/index.php?rest_route=\/wp\/v2\/types\/page"}],"author":[{"embeddable":true,"href":"https:\/\/acappr.com.br\/index.php?rest_route=\/wp\/v2\/users\/1"}],"replies":[{"embeddable":true,"href":"https:\/\/acappr.com.br\/index.php?rest_route=%2Fwp%2Fv2%2Fcomments&post=242"}],"version-history":[{"count":1,"href":"https:\/\/acappr.com.br\/index.php?rest_route=\/wp\/v2\/pages\/242\/revisions"}],"predecessor-version":[{"id":243,"href":"https:\/\/acappr.com.br\/index.php?rest_route=\/wp\/v2\/pages\/242\/revisions\/243"}],"wp:attachment":[{"href":"https:\/\/acappr.com.br\/index.php?rest_route=%2Fwp%2Fv2%2Fmedia&parent=242"}],"curies":[{"name":"wp","href":"https:\/\/api.w.org\/{rel}","templated":true}]}}