{"id":24,"date":"2026-02-11T14:09:55","date_gmt":"2026-02-11T17:09:55","guid":{"rendered":"http:\/\/localhost\/wordpress\/?page_id=20"},"modified":"2026-04-02T14:47:15","modified_gmt":"2026-04-02T17:47:15","slug":"quem-somos","status":"publish","type":"page","link":"https:\/\/acappr.com.br\/?page_id=24","title":{"rendered":"Quem Somos"},"content":{"rendered":"\n<div class=\"wp-block-uagb-container uagb-block-38vdnkvc alignfull uagb-is-root-container\"><div class=\"uagb-container-inner-blocks-wrap\">\n<div class=\"wp-block-uagb-info-box uagb-block-czve0cnk uagb-infobox__content-wrap  uagb-infobox-icon-above-title uagb-infobox-image-valign-top\"><div class=\"uagb-ifb-content\"><div class=\"uagb-ifb-title-wrap\"><h1 class=\"uagb-ifb-title\">Quem Somos<\/h1><\/div><\/div><\/div>\n<\/div><\/div>\n\n\n\n<div data-aos= \"slide-up\" data-aos-duration=\"400\" data-aos-delay=\"0\" data-aos-easing=\"ease\" data-aos-once=\"true\" class=\"wp-block-uagb-container uagb-layout-flex uagb-block-7s1wbqre default uagb-is-root-container\">\n\n\n<div class=\"wp-block-uagb-container uagb-block-4cf131bf\">\n<div class=\"wp-block-uagb-info-box uagb-block-31b03f85 uagb-infobox__content-wrap  uagb-infobox-icon-above-title uagb-infobox-image-valign-top\"><div class=\"uagb-ifb-content\"><div class=\"uagb-ifb-title-wrap\"><\/div><p class=\"uagb-ifb-desc\">A Associa\u00e7\u00e3o de Coopera\u00e7\u00e3o Agr\u00edcola e Reforma Agr\u00e1ria do Paran\u00e1 \u2013 ACAP\/PR \u00e9 uma estrutura popular criada diretamente por camponesas (es), partindo da reflex\u00e3o de que tais sujeitos sociais tamb\u00e9m podem organizar o desenvolvimento de a\u00e7\u00f5es estrat\u00e9gicas, para al\u00e9m de serem benefici\u00e1rios de projetos apresentados por terceiros.<br><br>A ACAP realiza a\u00e7\u00f5es estrat\u00e9gicas para garantir melhores condi\u00e7\u00f5es de vida para camponesas (es) nos temas de acesso \u00e0 terra e de pol\u00edticas para o desenvolvimento de comunidades rurais, de modo a buscar reduzir as desigualdades socioecon\u00f4micas de renda, educa\u00e7\u00e3o e sa\u00fade.<br><br>Tamb\u00e9m atua de modo a promover a execu\u00e7\u00e3o de projetos sociais direcionados \u00e0s comunidades rurais no estado do Paran\u00e1, sendo as atividades voltadas ao desenvolvimento produtivo, fortalecimento de organiza\u00e7\u00f5es cooperativas agr\u00edcolas, apoio a programas de forma\u00e7\u00e3o para juventude no campo\/cidade e a\u00e7\u00f5es que promovam o desenvolvimento&nbsp;sustent\u00e1vel.<\/p><\/div><\/div>\n<\/div>\n<\/div>\n\n\n\n<div class=\"wp-block-uagb-container uagb-block-g8eprxjm alignfull uagb-is-root-container\"><div class=\"uagb-container-inner-blocks-wrap\">\n<div class=\"wp-block-uagb-container uagb-block-ofrs1gve\">\n<div class=\"wp-block-uagb-info-box uagb-block-ezic21ho uagb-infobox__content-wrap  uagb-infobox-icon-above-title uagb-infobox-image-valign-top\"><div class=\"uagb-ifb-content\"><div class=\"uagb-ifb-title-wrap\"><h2 class=\"uagb-ifb-title\">Why Choose Us<\/h2><\/div><\/div><\/div>\n<\/div>\n\n\n\n<div data-aos= \"slide-up\" data-aos-duration=\"400\" data-aos-delay=\"0\" data-aos-easing=\"ease\" data-aos-once=\"true\" class=\"wp-block-uagb-container uagb-block-rcj8xb1v\">\n<div data-aos= \"slide-up\" data-aos-duration=\"400\" data-aos-delay=\"0\" data-aos-easing=\"ease\" data-aos-once=\"true\" class=\"wp-block-uagb-container uagb-block-wmbguwoc\">\n<div class=\"wp-block-uagb-info-box uagb-block-bfijwgiq uagb-infobox__content-wrap  uagb-infobox-icon-above-title uagb-infobox-image-valign-top\"><div class=\"uagb-ifb-content\"><div class=\"uagb-ifb-title-wrap\"><p class=\"uagb-ifb-title-prefix\">01<\/p><h3 class=\"uagb-ifb-title\">Innovation<\/h3><\/div><p class=\"uagb-ifb-desc\">We continuously push the boundaries of creativity to deliver innovative solutions.<\/p><\/div><\/div>\n<\/div>\n\n\n\n<div data-aos= \"slide-up\" data-aos-duration=\"400\" data-aos-delay=\"0\" data-aos-easing=\"ease\" data-aos-once=\"true\" class=\"wp-block-uagb-container uagb-block-qqwlqn46\">\n<div class=\"wp-block-uagb-info-box uagb-block-frcwgsfc uagb-infobox__content-wrap  uagb-infobox-icon-above-title uagb-infobox-image-valign-top\"><div class=\"uagb-ifb-content\"><div class=\"uagb-ifb-title-wrap\"><p class=\"uagb-ifb-title-prefix\">02<\/p><h3 class=\"uagb-ifb-title\">Expertise<\/h3><\/div><p class=\"uagb-ifb-desc\">Our team of seasoned professionals brings unmatched expertise to every project.<\/p><\/div><\/div>\n<\/div>\n\n\n\n<div data-aos= \"slide-up\" data-aos-duration=\"400\" data-aos-delay=\"0\" data-aos-easing=\"ease\" data-aos-once=\"true\" class=\"wp-block-uagb-container uagb-block-irth2urn\">\n<div class=\"wp-block-uagb-info-box uagb-block-5efiywhj uagb-infobox__content-wrap  uagb-infobox-icon-above-title uagb-infobox-image-valign-top\"><div class=\"uagb-ifb-content\"><div class=\"uagb-ifb-title-wrap\"><p class=\"uagb-ifb-title-prefix\">03<\/p><h3 class=\"uagb-ifb-title\">Collaboration<\/h3><\/div><p class=\"uagb-ifb-desc\">We thrive on partnerships and teamwork, fostering collaborative efforts that result in groundbreaking solutions.<\/p><\/div><\/div>\n<\/div>\n<\/div>\n<\/div><\/div>\n\n\n\n<p><\/p>\n\n\n\n<div data-aos= \"slide-up\" data-aos-duration=\"400\" data-aos-delay=\"0\" data-aos-easing=\"ease\" data-aos-once=\"true\" class=\"wp-block-uagb-container uagb-block-tzbuqrff alignfull uagb-is-root-container\"><div class=\"uagb-container-inner-blocks-wrap\">\n<div class=\"wp-block-uagb-info-box uagb-block-cfbabbcq uagb-infobox__content-wrap  uagb-infobox-icon-above-title uagb-infobox-image-valign-top\"><div class=\"uagb-ifb-content\"><div class=\"uagb-ifb-title-wrap\"><h2 class=\"uagb-ifb-title\">Trabalhos recentes<\/h2><\/div><\/div><\/div>\n\n\n\n<div class=\"wp-block-uagb-container uagb-block-nxe7fwjd\">\n<div class=\"wp-block-uagb-container uagb-block-tm2iz681\">\n<div class=\"wp-block-uagb-image uagb-block-hrhuxfo0 wp-block-uagb-image--layout-default wp-block-uagb-image--effect-static wp-block-uagb-image--align-none\"><figure class=\"wp-block-uagb-image__figure\"><img decoding=\"async\" srcset=\"https:\/\/localhost\/wordpress\/wp-content\/uploads\/2026\/02\/natures-02.jpg \" sizes=\"auto, (max-width: 480px) 150px\" src=\"https:\/\/localhost\/wordpress\/wp-content\/uploads\/2026\/02\/natures-02.jpg\" alt=\"\" class=\"uag-image-80574\" width=\"282\" height=\"376\" title=\"\" loading=\"lazy\" role=\"img\"\/><\/figure><\/div>\n\n\n\n<div class=\"wp-block-uagb-info-box uagb-block-leaa1pcb uagb-infobox__content-wrap  uagb-infobox-icon-above-title uagb-infobox-image-valign-top\"><div class=\"uagb-ifb-content\"><div class=\"uagb-ifb-title-wrap\"><h3 class=\"uagb-ifb-title\">Web Development Success<\/h3><\/div><p class=\"uagb-ifb-desc\">Share some details here. This is a flexible section where you can share anything you want. It could be details or some information about your highlighted work 1.<\/p><\/div><\/div>\n<\/div>\n\n\n\n<div class=\"wp-block-uagb-container uagb-block-yysussaz\">\n<div class=\"wp-block-uagb-image uagb-block-1gaapewd wp-block-uagb-image--layout-default wp-block-uagb-image--effect-static wp-block-uagb-image--align-none\"><figure class=\"wp-block-uagb-image__figure\"><img decoding=\"async\" srcset=\"https:\/\/localhost\/wordpress\/wp-content\/uploads\/2026\/02\/desserts-02.jpg , https:\/\/localhost\/wordpress\/wp-content\/uploads\/2026\/02\/desserts-02.jpg 360w\" sizes=\"auto, (max-width: 480px) 150px\" src=\"https:\/\/localhost\/wordpress\/wp-content\/uploads\/2026\/02\/desserts-02.jpg\" alt=\"\" class=\"uag-image-80570\" width=\"282\" height=\"376\" title=\"\" loading=\"lazy\" role=\"img\"\/><\/figure><\/div>\n\n\n\n<div class=\"wp-block-uagb-info-box uagb-block-tnxos6yp uagb-infobox__content-wrap  uagb-infobox-icon-above-title uagb-infobox-image-valign-top\"><div class=\"uagb-ifb-content\"><div class=\"uagb-ifb-title-wrap\"><h3 class=\"uagb-ifb-title\">Branding and Identity Revamp<\/h3><\/div><p class=\"uagb-ifb-desc\">Share some details here. This is a flexible section where you can share anything you want. It could be details or some information about your highlighted work 2.<\/p><\/div><\/div>\n<\/div>\n\n\n\n<div class=\"wp-block-uagb-container uagb-block-aifg786c\">\n<div class=\"wp-block-uagb-image uagb-block-bzkh1brz wp-block-uagb-image--layout-default wp-block-uagb-image--effect-static wp-block-uagb-image--align-none\"><figure class=\"wp-block-uagb-image__figure\"><img decoding=\"async\" srcset=\"https:\/\/localhost\/wordpress\/wp-content\/uploads\/2026\/02\/snow-mountains-02.jpg \" sizes=\"auto, (max-width: 480px) 150px\" src=\"https:\/\/localhost\/wordpress\/wp-content\/uploads\/2026\/02\/snow-mountains-02.jpg\" alt=\"\" class=\"uag-image-80578\" width=\"282\" height=\"376\" title=\"\" loading=\"lazy\" role=\"img\"\/><\/figure><\/div>\n\n\n\n<div class=\"wp-block-uagb-info-box uagb-block-6daphgn4 uagb-infobox__content-wrap  uagb-infobox-icon-above-title uagb-infobox-image-valign-top\"><div class=\"uagb-ifb-content\"><div class=\"uagb-ifb-title-wrap\"><h3 class=\"uagb-ifb-title\">Marketing Campaign Highlights<\/h3><\/div><p class=\"uagb-ifb-desc\">Share some details here. This is a flexible section where you can share anything you want. It could be details or some information about your highlighted work 3.<\/p><\/div><\/div>\n<\/div>\n\n\n\n<div class=\"wp-block-uagb-container uagb-block-emosacda\">\n<div class=\"wp-block-uagb-image uagb-block-fg5vzhr3 wp-block-uagb-image--layout-default wp-block-uagb-image--effect-static wp-block-uagb-image--align-none\"><figure class=\"wp-block-uagb-image__figure\"><img decoding=\"async\" srcset=\"https:\/\/localhost\/wordpress\/wp-content\/uploads\/2026\/02\/mountains-02.jpg \" sizes=\"auto, (max-width: 480px) 150px\" src=\"https:\/\/localhost\/wordpress\/wp-content\/uploads\/2026\/02\/mountains-02.jpg\" alt=\"\" class=\"uag-image-80572\" width=\"282\" height=\"376\" title=\"\" loading=\"lazy\" role=\"img\"\/><\/figure><\/div>\n\n\n\n<div class=\"wp-block-uagb-info-box uagb-block-cip8leba uagb-infobox__content-wrap  uagb-infobox-icon-above-title uagb-infobox-image-valign-top\"><div class=\"uagb-ifb-content\"><div class=\"uagb-ifb-title-wrap\"><h3 class=\"uagb-ifb-title\">Product Launch Triumphs<\/h3><\/div><p class=\"uagb-ifb-desc\">Share some details here. This is a flexible section where you can share anything you want. It could be details or some information about your highlighted work 4.<\/p><\/div><\/div>\n<\/div>\n<\/div>\n<\/div><\/div>\n","protected":false},"excerpt":{"rendered":"","protected":false},"author":2,"featured_media":0,"parent":0,"menu_order":0,"comment_status":"closed","ping_status":"closed","template":"","meta":{"_uag_custom_page_level_css":"","site-sidebar-layout":"default","site-content-layout":"","ast-site-content-layout":"default","site-content-style":"default","site-sidebar-style":"default","ast-global-header-display":"","ast-banner-title-visibility":"","ast-main-header-display":"","ast-hfb-above-header-display":"","ast-hfb-below-header-display":"","ast-hfb-mobile-header-display":"","site-post-title":"disabled","ast-breadcrumbs-content":"","ast-featured-img":"","footer-sml-layout":"","ast-disable-related-posts":"","theme-transparent-header-meta":"","adv-header-id-meta":"","stick-header-meta":"","header-above-stick-meta":"","header-main-stick-meta":"","header-below-stick-meta":"","astra-migrate-meta-layouts":"default","ast-page-background-enabled":"default","ast-page-background-meta":{"desktop":{"background-color":"var(--ast-global-color-5)","background-image":"","background-repeat":"repeat","background-position":"center center","background-size":"auto","background-attachment":"scroll","background-type":"","background-media":"","overlay-type":"","overlay-color":"","overlay-opacity":"","overlay-gradient":""},"tablet":{"background-color":"","background-image":"","background-repeat":"repeat","background-position":"center center","background-size":"auto","background-attachment":"scroll","background-type":"","background-media":"","overlay-type":"","overlay-color":"","overlay-opacity":"","overlay-gradient":""},"mobile":{"background-color":"","background-image":"","background-repeat":"repeat","background-position":"center center","background-size":"auto","background-attachment":"scroll","background-type":"","background-media":"","overlay-type":"","overlay-color":"","overlay-opacity":"","overlay-gradient":""}},"ast-content-background-meta":{"desktop":{"background-color":"var(--ast-global-color-4)","background-image":"","background-repeat":"repeat","background-position":"center center","background-size":"auto","background-attachment":"scroll","background-type":"","background-media":"","overlay-type":"","overlay-color":"","overlay-opacity":"","overlay-gradient":""},"tablet":{"background-color":"var(--ast-global-color-4)","background-image":"","background-repeat":"repeat","background-position":"center center","background-size":"auto","background-attachment":"scroll","background-type":"","background-media":"","overlay-type":"","overlay-color":"","overlay-opacity":"","overlay-gradient":""},"mobile":{"background-color":"var(--ast-global-color-4)","background-image":"","background-repeat":"repeat","background-position":"center center","background-size":"auto","background-attachment":"scroll","background-type":"","background-media":"","overlay-type":"","overlay-color":"","overlay-opacity":"","overlay-gradient":""}},"footnotes":""},"class_list":["post-24","page","type-page","status-publish","hentry"],"uagb_featured_image_src":{"full":false,"thumbnail":false,"medium":false,"medium_large":false,"large":false,"1536x1536":false,"2048x2048":false},"uagb_author_info":{"display_name":"admin","author_link":"https:\/\/acappr.com.br\/?author=2"},"uagb_comment_info":0,"uagb_excerpt":null,"_links":{"self":[{"href":"https:\/\/acappr.com.br\/index.php?rest_route=\/wp\/v2\/pages\/24","targetHints":{"allow":["GET"]}}],"collection":[{"href":"https:\/\/acappr.com.br\/index.php?rest_route=\/wp\/v2\/pages"}],"about":[{"href":"https:\/\/acappr.com.br\/index.php?rest_route=\/wp\/v2\/types\/page"}],"author":[{"embeddable":true,"href":"https:\/\/acappr.com.br\/index.php?rest_route=\/wp\/v2\/users\/2"}],"replies":[{"embeddable":true,"href":"https:\/\/acappr.com.br\/index.php?rest_route=%2Fwp%2Fv2%2Fcomments&post=24"}],"version-history":[{"count":5,"href":"https:\/\/acappr.com.br\/index.php?rest_route=\/wp\/v2\/pages\/24\/revisions"}],"predecessor-version":[{"id":233,"href":"https:\/\/acappr.com.br\/index.php?rest_route=\/wp\/v2\/pages\/24\/revisions\/233"}],"wp:attachment":[{"href":"https:\/\/acappr.com.br\/index.php?rest_route=%2Fwp%2Fv2%2Fmedia&parent=24"}],"curies":[{"name":"wp","href":"https:\/\/api.w.org\/{rel}","templated":true}]}}